{"id":2,"date":"2020-03-20T08:30:38","date_gmt":"2020-03-20T08:30:38","guid":{"rendered":"http:\/\/abprodukt.hr\/?page_id=2"},"modified":"2025-04-08T07:11:23","modified_gmt":"2025-04-08T06:11:23","slug":"o-nama","status":"publish","type":"page","link":"http:\/\/abprodukt.hr\/index.php\/o-nama\/","title":{"rendered":"O nama"},"content":{"rendered":"<div data-colibri-id=\"2-c1\" class=\"style-226 style-local-2-c1 position-relative\">\n  <!---->\n  <div data-colibri-component=\"section\" data-colibri-id=\"2-c2\" id=\"initial-content\" class=\"h-section h-section-global-spacing d-flex align-items-lg-center align-items-md-center align-items-center style-227 style-local-2-c2 position-relative\">\n    <!---->\n    <!---->\n    <div class=\"h-section-grid-container h-section-fluid-container\">\n      <!---->\n      <div data-colibri-id=\"2-c3\" class=\"h-row-container gutters-row-lg-2 gutters-row-md-2 gutters-row-0 gutters-row-v-lg-2 gutters-row-v-md-2 gutters-row-v-2 style-228 style-local-2-c3 position-relative\">\n        <!---->\n        <div class=\"h-row justify-content-lg-center justify-content-md-center justify-content-center align-items-lg-stretch align-items-md-stretch align-items-stretch gutters-col-lg-2 gutters-col-md-2 gutters-col-0 gutters-col-v-lg-2 gutters-col-v-md-2 gutters-col-v-2\">\n          <!---->\n          <div class=\"h-column h-column-container d-flex h-col-lg-auto h-col-md-auto h-col-auto style-229-outer style-local-2-c4-outer\">\n            <div data-colibri-id=\"2-c4\" class=\"d-flex h-flex-basis h-column__inner h-px-lg-2 h-px-md-2 h-px-2 v-inner-lg-2 v-inner-md-2 v-inner-2 style-229 style-local-2-c4 position-relative\">\n              <!---->\n              <!---->\n              <div class=\"w-100 h-y-container h-column__content h-column__v-align flex-basis-100 align-self-lg-start align-self-md-start align-self-start\">\n                <!---->\n                <div data-colibri-id=\"2-c5\" class=\"style-230 style-local-2-c5 position-relative h-element\">\n                  <!---->\n                  <div>\n                    \n                    <hr class=\"wp-block-separator\">\n                    \n\n                    <div id=\"grid-gallery-2-41223\" data-gg-id=\"2\" data-title=\"o nama\" data-grid-type=\"0\" data-offset=\"20.3\" data-area-position=\"center\" data-icons=\"\" data-preloader=\"false\" data-width=\"320\" data-height=\"215\" data-padding=\"0\" data-quicksand=\"disabled\" data-quicksand-duration=\"none\" data-popup-theme=\"theme_7\" data-popup-type=\"colorbox\" data-popup-fadeOut=\"300\" data-popup-captions=\"hide\" data-popup-image-text=\"data-description\" data-popup-widthsize=\"auto\" data-popup-heightsize=\"auto\" data-popup-i18n-words=\"{&quot;close&quot;:&quot;close&quot;,&quot;next&quot;:&quot;next&quot;,&quot;previous&quot;:&quot;previous&quot;,&quot;start_slideshow&quot;:&quot;start slideshow&quot;,&quot;stop_slideshow&quot;:&quot;stop slideshow&quot;,&quot;image&quot;:&quot;image&quot;,&quot;of&quot;:&quot;of&quot;,&quot;prev&quot;:&quot;prev&quot;,&quot;cExpand&quot;:&quot;Expand&quot;,&quot;cPrevious&quot;:&quot;Previous&quot;,&quot;cNext&quot;:&quot;Next&quot;,&quot;cExpandStr&quot;:&quot;Expand the image&quot;,&quot;cRotate&quot;:&quot;Rotate&quot;,&quot;cDetails&quot;:&quot;Details&quot;}\" data-popup-slideshow=\"false\" data-popup-slideshow-speed=\"2500\" data-popup-hoverstop=\"true\" data-popup-slideshow-auto=\"false\" data-popup-background=\"\" data-popup-transparency=\"30\" data-popup-disable-history=\"\" data-popup-disable-changed-url=\"\" data-popup-border-type=\"solid\" data-popup-border-color=\"\" data-popup-border-width=\"\" data-popup-border-enable=\"\" data-fullscreen=\"false\" data-hide-tooltip=\"false\" data-caption-font-family=\"Default\" data-caption-text-size=\"140\" data-is-mobile=\"0\" data-caption-mobile=\"false\" data-hide-long-tltp-title=\"0\" data-caption-disabled-on-mobile=\"false\" data-popup-placement-type=\"0\" data-social-sharing=\"{&quot;enabled&quot;:&quot;&quot;,&quot;gallerySharing&quot;:{&quot;enabled&quot;:null,&quot;position&quot;:null},&quot;imageSharing&quot;:{&quot;enabled&quot;:null,&quot;wrapperClass&quot;:&quot; vertical \\n &quot;},&quot;popupSharing&quot;:{&quot;enabled&quot;:null,&quot;wrapperClass&quot;:&quot; vertical \\n &quot;}}\" class=\"grid-gallery grid-gallery-fixed \" style=\" width:100%; height:auto ; margin-left:auto; margin-right:auto; position:relative;\" > <div class=\"gallery-sharing-top\" style=\"display:none;\"> <\/div> <div id=\"photos-2\" class=\"grid-gallery-photos \" > <FIGURE class=\"grid-gallery-caption \" data-grid-gallery-type=\"quarter-slide-up\" data-index=\"0\" style=\"display:none;border-radius: 00; ; margin: 20.3px; width:3200;\" ><div class=\"crop \" style=\" width:3200; height:2150; overflow:hidden; \"><img decoding=\"async\" src=\"http:\/\/abprodukt.hr\/wp-content\/uploads\/2020\/03\/03-320x215.jpg\" class=\"ggImg\" alt=\"03\" data-description=\"03\" data-caption=\"03\" data-title=\"03\" style=\" width:320px; height:215px; \" \/><\/div><FIGCAPTION class=\"\" data-alpha=\"5\" style=\"color:#ffffff; background-color:#6f0000; font-size:140; text-align:left; font-family:Default;\" ><div class=\"grid-gallery-figcaption-wrap\" style=\" \"><\/div><\/FIGCAPTION><\/FIGURE> <FIGURE class=\"grid-gallery-caption \" data-grid-gallery-type=\"quarter-slide-up\" data-index=\"1\" style=\"display:none;border-radius: 00; ; margin: 20.3px; width:3200;\" ><div class=\"crop \" style=\" width:3200; height:2150; overflow:hidden; \"><img decoding=\"async\" src=\"http:\/\/abprodukt.hr\/wp-content\/uploads\/2020\/03\/04-320x215.jpg\" class=\"ggImg\" alt=\"04\" data-description=\"04\" data-caption=\"04\" data-title=\"04\" style=\" width:320px; height:215px; \" \/><\/div><FIGCAPTION class=\"\" data-alpha=\"5\" style=\"color:#ffffff; background-color:#6f0000; font-size:140; text-align:left; font-family:Default;\" ><div class=\"grid-gallery-figcaption-wrap\" style=\" \"><\/div><\/FIGCAPTION><\/FIGURE> <FIGURE class=\"grid-gallery-caption \" data-grid-gallery-type=\"quarter-slide-up\" data-index=\"2\" style=\"display:none;border-radius: 00; ; margin: 20.3px; width:3200;\" ><div class=\"crop \" style=\" width:3200; height:2150; overflow:hidden; \"><img decoding=\"async\" src=\"http:\/\/abprodukt.hr\/wp-content\/uploads\/2020\/03\/02-320x215.jpg\" class=\"ggImg\" alt=\"02\" data-description=\"02\" data-caption=\"02\" data-title=\"02\" style=\" width:320px; height:215px; \" \/><\/div><FIGCAPTION class=\"\" data-alpha=\"5\" style=\"color:#ffffff; background-color:#6f0000; font-size:140; text-align:left; font-family:Default;\" ><div class=\"grid-gallery-figcaption-wrap\" style=\" \"><\/div><\/FIGCAPTION><\/FIGURE> <div class=\"grid-gallery-clearfix\"><\/div> <\/div> <div class=\"gallery-sharing-bottom\" style=\"display:none;\"> <\/div> <div class=\"gallery-sharing-image\" style=\"display:none;\"> <\/div> <div class=\"gallery-sharing-popup\" style=\"display:none;\"> <\/div> <div class=\"grid-gallery-clearfix\"><\/div> <\/div> <!-- Gallery by Supsystic plugin 1.15.22 --><a title=\"Wordpress Gallery Plugin Free\" style=\"display:none;\" href=\"https:\/\/supsystic.com\/plugins\/photo-gallery\/?utm_medium=love_link\" target=\"_blank\">Wordpress Gallery Plugin Free<\/a>\n\n\n                    \n                    <pre class=\"wp-block-preformatted\"><\/pre>\n                    \n\n                    \n                    <div class=\"wp-block-columns is-layout-flex wp-container-core-columns-is-layout-1 wp-block-columns-is-layout-flex\">\n                      \n                      <div class=\"wp-block-column is-layout-flow wp-block-column-is-layout-flow\" style=\"flex-basis:25%\"><\/div>\n                      \n\n                      \n                      <div class=\"wp-block-column is-layout-flow wp-block-column-is-layout-flow\" style=\"flex-basis:50%\">\n                        \n                        <p>Mi smo mala, privatna tvrtka sa 80 zaposlenih specijaliziranih za remontno servisne aktivnosti te bravarsko \u2013 zavariva\u010dke djelatnosti, zajedno sa strojnom obradom, a koji su do sada provjereni i prihva\u0107eni na zna\u010dajnom nizu projekata\n                          energetskih postrojenja u Hrvatskoj, Sloveniji te Bosnoj i Hercegovini i to na termo i hidro elektranama.<\/p>\n                        \n\n                        \n                        <p>\n                          <br>Poslove smo obavljali kao podisporu\u010ditelj Alstom Hrvatska ili kao samostalni izvo\u0111a\u010d. <\/p>\n                        \n\n                        \n                        <p class=\"has-text-align-left\"> Za potrebe rekonstrukcije i servisiranja pumpi i hidromehani\u010dke opreme imamo grupu in\u017eenjersko-monterskih specijalista projektno orjentiranih za samostalno izvo\u0111enje radova. <\/p>\n                        \n\n                        \n                        <p> Tvrtka u svom sastavu odnosno registriranoj djelatnosti posjeduje nekoliko transportnih sredstava te je brza i efikasna u usluzi transporta. <\/p>\n                        \n\n                        \n                        <p> Tako\u0111er smo certificirani po ISO 9001:2015 i ISO 1401:2015 normi, a s politikom kvalitete i okoli\u0161a mo\u017eete se upoznati&nbsp;\n                          <a href=\"http:\/\/www.abmontaza.hr\/O%20nama_files\/Politika%20kvalitete%20i%20okolisa.pdf\">ovdje<\/a>. <\/p>\n                        \n\n                        \n                        <p>Na\u0161a stolarska radionica univerzalnog tipa takoder je pogodna za sve vrste usluga obrade drveta i sli\u010dnih materijala.<\/p>\n                        \n\n                        \n                        <p> Radove izvodimo u hali od 5600 m2 proizvodnog i skladi\u0161nog prostora u ju\u017enoj industrijskoj zoni u Karlovcu, Hrvatska. Radionica je opremljena sa dizalicama (do 32 tone) i svom infrastrukturom i opremom neophodnom za proizvodnju\n                          zavarenih konstrukcija.\n                          <br>Za predobradu dijelova zavarene konstrukcije koristimo dvije CNC rezalice opremljene sa plazma sapnicama za rezanje nehr\u0111ajucih materijala i ostale strojeve za rezanje i savijanje \u010deli\u010dnih limova. <\/p>\n                        \n\n                        \n                        <p>Radimo dijelove hidroturbina za austrijske kupce Hydroenergy, Gugler i WWS, i slovensku tvrtku Turboin\u0161titut.<\/p>\n                        \n\n                        \n                        <p> Glavne kooperacijske aktivnosti vezane su uz susjednu tvrtku GE s kojom smo ugovorno vezani i koja nam pru\u017ea tehni\u010dku potporu za rje\u0161avanje svih tehni\u010dkih zahtjevima na\u0161ih kupaca na vrlo visokom nivou znanja i kvalitete.<\/p>\n                        \n\n                        \n                        <p> Direktnim ugovornim odnosom smo vezani za CEPC (PSA Peugeot Citroen) grupacijom te radimo razli\u010ditu investicijsku opremu kao i rezervne dijelove proizvodnih linija. <\/p>\n                        \n\n                        \n                        <p> Radimo dijelove dizalica za Palfinger Marine i Palfinger Systems. <\/p>\n                        \n                      <\/div>\n                      \n\n                      \n                      <div class=\"wp-block-column is-layout-flow wp-block-column-is-layout-flow\" style=\"flex-basis:25%\"><\/div>\n                      \n                    <\/div>\n                    \n                  <\/div>\n                <\/div>\n              <\/div>\n            <\/div>\n          <\/div>\n        <\/div>\n      <\/div>\n    <\/div>\n  <\/div>\n<\/div>","protected":false},"excerpt":{"rendered":"<p>Mi smo mala, privatna tvrtka sa 80 zaposlenih specijaliziranih za remontno servisne aktivnosti te bravarsko \u2013 zavariva\u010dke djelatnosti, zajedno sa strojnom obradom, a koji su do sada provjereni i prihva\u0107eni na zna\u010dajnom nizu projekata energetskih postrojenja u Hrvatskoj, Sloveniji te Bosnoj i Hercegovini i to na termo i hidro elektranama. Poslove smo obavljali kao podisporu\u010ditelj [&hellip;]<\/p>\n","protected":false},"author":1,"featured_media":0,"parent":0,"menu_order":1,"comment_status":"closed","ping_status":"closed","template":"page-templates\/full-width-page.php","meta":{"footnotes":""},"class_list":["post-2","page","type-page","status-publish","hentry"],"yoast_head":"<!-- This site is optimized with the Yoast SEO plugin v14.9 - https:\/\/yoast.com\/wordpress\/plugins\/seo\/ -->\n<title>O nama - AB PRODUKT d.o.o.<\/title>\n<meta name=\"robots\" content=\"index, follow, max-snippet:-1, max-image-preview:large, max-video-preview:-1\" \/>\n<link rel=\"canonical\" href=\"http:\/\/abprodukt.hr\/index.php\/o-nama\/\" \/>\n<meta property=\"og:locale\" content=\"en_US\" \/>\n<meta property=\"og:type\" content=\"article\" \/>\n<meta property=\"og:title\" content=\"O nama - AB PRODUKT d.o.o.\" \/>\n<meta property=\"og:description\" content=\"Mi smo mala, privatna tvrtka sa 80 zaposlenih specijaliziranih za remontno servisne aktivnosti te bravarsko \u2013 zavariva\u010dke djelatnosti, zajedno sa strojnom obradom, a koji su do sada provjereni i prihva\u0107eni na zna\u010dajnom nizu projekata energetskih postrojenja u Hrvatskoj, Sloveniji te Bosnoj i Hercegovini i to na termo i hidro elektranama. Poslove smo obavljali kao podisporu\u010ditelj [&hellip;]\" \/>\n<meta property=\"og:url\" content=\"http:\/\/abprodukt.hr\/index.php\/o-nama\/\" \/>\n<meta property=\"og:site_name\" content=\"AB PRODUKT d.o.o.\" \/>\n<meta property=\"article:modified_time\" content=\"2025-04-08T06:11:23+00:00\" \/>\n<meta name=\"twitter:card\" content=\"summary_large_image\" \/>\n<script type=\"application\/ld+json\" class=\"yoast-schema-graph\">{\"@context\":\"https:\/\/schema.org\",\"@graph\":[{\"@type\":\"WebSite\",\"@id\":\"http:\/\/abprodukt.hr\/#website\",\"url\":\"http:\/\/abprodukt.hr\/\",\"name\":\"AB PRODUKT d.o.o.\",\"description\":\"za remont monta\\u017eu i servisiranje\",\"potentialAction\":[{\"@type\":\"SearchAction\",\"target\":\"http:\/\/abprodukt.hr\/?s={search_term_string}\",\"query-input\":\"required name=search_term_string\"}],\"inLanguage\":\"en-US\"},{\"@type\":\"WebPage\",\"@id\":\"http:\/\/abprodukt.hr\/index.php\/o-nama\/#webpage\",\"url\":\"http:\/\/abprodukt.hr\/index.php\/o-nama\/\",\"name\":\"O nama - AB PRODUKT d.o.o.\",\"isPartOf\":{\"@id\":\"http:\/\/abprodukt.hr\/#website\"},\"datePublished\":\"2020-03-20T08:30:38+00:00\",\"dateModified\":\"2025-04-08T06:11:23+00:00\",\"inLanguage\":\"en-US\",\"potentialAction\":[{\"@type\":\"ReadAction\",\"target\":[\"http:\/\/abprodukt.hr\/index.php\/o-nama\/\"]}]}]}<\/script>\n<!-- \/ Yoast SEO plugin. -->","_links":{"self":[{"href":"http:\/\/abprodukt.hr\/index.php\/wp-json\/wp\/v2\/pages\/2","targetHints":{"allow":["GET"]}}],"collection":[{"href":"http:\/\/abprodukt.hr\/index.php\/wp-json\/wp\/v2\/pages"}],"about":[{"href":"http:\/\/abprodukt.hr\/index.php\/wp-json\/wp\/v2\/types\/page"}],"author":[{"embeddable":true,"href":"http:\/\/abprodukt.hr\/index.php\/wp-json\/wp\/v2\/users\/1"}],"replies":[{"embeddable":true,"href":"http:\/\/abprodukt.hr\/index.php\/wp-json\/wp\/v2\/comments?post=2"}],"version-history":[{"count":20,"href":"http:\/\/abprodukt.hr\/index.php\/wp-json\/wp\/v2\/pages\/2\/revisions"}],"predecessor-version":[{"id":1244,"href":"http:\/\/abprodukt.hr\/index.php\/wp-json\/wp\/v2\/pages\/2\/revisions\/1244"}],"wp:attachment":[{"href":"http:\/\/abprodukt.hr\/index.php\/wp-json\/wp\/v2\/media?parent=2"}],"curies":[{"name":"wp","href":"https:\/\/api.w.org\/{rel}","templated":true}]}}