{"id":23,"date":"2020-03-20T09:16:49","date_gmt":"2020-03-20T09:16:49","guid":{"rendered":"http:\/\/abprodukt.hr\/?page_id=23"},"modified":"2024-04-30T11:14:18","modified_gmt":"2024-04-30T10:14:18","slug":"reference","status":"publish","type":"page","link":"http:\/\/abprodukt.hr\/index.php\/reference\/","title":{"rendered":"Reference"},"content":{"rendered":"\n<hr class=\"wp-block-separator has-css-opacity\"\/>\n\n\n\n<div class=\"wp-block-columns is-layout-flex wp-container-core-columns-is-layout-1 wp-block-columns-is-layout-flex\">\n<div class=\"wp-block-column is-layout-flow wp-block-column-is-layout-flow\"><\/div>\n\n\n\n<div class=\"wp-block-column is-layout-flow wp-block-column-is-layout-flow\">\n<h2 class=\"wp-block-heading\"><strong>Hrvatska<\/strong><\/h2>\n\n\n\n<ul class=\"wp-block-list\">\n<li>\u200bGeneral Electric Hrvatska<\/li>\n\n\n\n<li>\u0110uro \u0110akovi\u0107 <\/li>\n\n\n\n<li>HEP<\/li>\n\n\n\n<li>INA<\/li>\n\n\n\n<li>AQUATERM <\/li>\n<\/ul>\n\n\n\n<p><\/p>\n\n\n\n<h2 class=\"wp-block-heading\"><strong>Francuska<\/strong><\/h2>\n\n\n\n<ul class=\"wp-block-list\">\n<li>PSA \u2013 PEUGEOT CITROEN<\/li>\n\n\n\n<li>ABAC<\/li>\n\n\n\n<li>COFA Est<\/li>\n\n\n\n<li>Alstom Belfort<\/li>\n\n\n\n<li>Andritz Hydro<\/li>\n<\/ul>\n\n\n\n<p><\/p>\n\n\n\n<h2 class=\"wp-block-heading\"><strong>Njema\u010dka<\/strong><\/h2>\n\n\n\n<ul class=\"wp-block-list\">\n<li>ANDRITZ HYDRO Ravensburg<\/li>\n\n\n\n<li>Bigiparts GmbH<\/li>\n<\/ul>\n\n\n\n<p><\/p>\n\n\n\n<h2 class=\"wp-block-heading\"><strong>\u0160vicarska<\/strong><\/h2>\n\n\n\n<ul class=\"wp-block-list\">\n<li>General Elecrtic Switzerland<\/li>\n\n\n\n<li>TECHKO AG<\/li>\n<\/ul>\n\n\n\n<p><\/p>\n\n\n\n<h2 class=\"wp-block-heading\"><strong>Austrija<\/strong><\/h2>\n\n\n\n<ul class=\"wp-block-list\">\n<li>ANDRITZ HYDRO Linz<\/li>\n\n\n\n<li>Crane Power \u2013 Palfinger<\/li>\n\n\n\n<li>GUGLER Water Turbines<\/li>\n\n\n\n<li>GLOBAL HYDRO ENERGY<\/li>\n\n\n\n<li>WWS Wasserkraft <\/li>\n\n\n\n<li>VOITH HYDRO<\/li>\n<\/ul>\n\n\n\n<p><\/p>\n\n\n\n<h2 class=\"wp-block-heading\"><strong>Slovenija<\/strong><\/h2>\n\n\n\n<ul class=\"wp-block-list\">\n<li>SCOTTA Turboin\u0161titut<\/li>\n\n\n\n<li>TURBIMAQ Europe<\/li>\n<\/ul>\n<\/div>\n\n\n\n<div class=\"wp-block-column is-layout-flow wp-block-column-is-layout-flow\"><\/div>\n<\/div>\n\n\n\n<div class=\"wp-block-group\"><div class=\"wp-block-group__inner-container is-layout-flow wp-block-group-is-layout-flow\">\n<hr class=\"wp-block-separator has-css-opacity\"\/>\n<\/div><\/div>\n\n\n\n<p><\/p>\n","protected":false},"excerpt":{"rendered":"<p>Hrvatska Francuska Njema\u010dka \u0160vicarska Austrija Slovenija<\/p>\n","protected":false},"author":1,"featured_media":0,"parent":0,"menu_order":3,"comment_status":"closed","ping_status":"closed","template":"page-templates\/full-width-page.php","meta":{"footnotes":""},"class_list":["post-23","page","type-page","status-publish","hentry"],"yoast_head":"<!-- This site is optimized with the Yoast SEO plugin v14.9 - https:\/\/yoast.com\/wordpress\/plugins\/seo\/ -->\n<title>Reference - AB PRODUKT d.o.o.<\/title>\n<meta name=\"robots\" content=\"index, follow, max-snippet:-1, max-image-preview:large, max-video-preview:-1\" \/>\n<link rel=\"canonical\" href=\"http:\/\/abprodukt.hr\/index.php\/reference\/\" \/>\n<meta property=\"og:locale\" content=\"en_US\" \/>\n<meta property=\"og:type\" content=\"article\" \/>\n<meta property=\"og:title\" content=\"Reference - AB PRODUKT d.o.o.\" \/>\n<meta property=\"og:description\" content=\"Hrvatska Francuska Njema\u010dka \u0160vicarska Austrija Slovenija\" \/>\n<meta property=\"og:url\" content=\"http:\/\/abprodukt.hr\/index.php\/reference\/\" \/>\n<meta property=\"og:site_name\" content=\"AB PRODUKT d.o.o.\" \/>\n<meta property=\"article:modified_time\" content=\"2024-04-30T10:14:18+00:00\" \/>\n<meta name=\"twitter:card\" content=\"summary_large_image\" \/>\n<script type=\"application\/ld+json\" class=\"yoast-schema-graph\">{\"@context\":\"https:\/\/schema.org\",\"@graph\":[{\"@type\":\"WebSite\",\"@id\":\"http:\/\/abprodukt.hr\/#website\",\"url\":\"http:\/\/abprodukt.hr\/\",\"name\":\"AB PRODUKT d.o.o.\",\"description\":\"za remont monta\\u017eu i servisiranje\",\"potentialAction\":[{\"@type\":\"SearchAction\",\"target\":\"http:\/\/abprodukt.hr\/?s={search_term_string}\",\"query-input\":\"required name=search_term_string\"}],\"inLanguage\":\"en-US\"},{\"@type\":\"WebPage\",\"@id\":\"http:\/\/abprodukt.hr\/index.php\/reference\/#webpage\",\"url\":\"http:\/\/abprodukt.hr\/index.php\/reference\/\",\"name\":\"Reference - AB PRODUKT d.o.o.\",\"isPartOf\":{\"@id\":\"http:\/\/abprodukt.hr\/#website\"},\"datePublished\":\"2020-03-20T09:16:49+00:00\",\"dateModified\":\"2024-04-30T10:14:18+00:00\",\"inLanguage\":\"en-US\",\"potentialAction\":[{\"@type\":\"ReadAction\",\"target\":[\"http:\/\/abprodukt.hr\/index.php\/reference\/\"]}]}]}<\/script>\n<!-- \/ Yoast SEO plugin. -->","_links":{"self":[{"href":"http:\/\/abprodukt.hr\/index.php\/wp-json\/wp\/v2\/pages\/23","targetHints":{"allow":["GET"]}}],"collection":[{"href":"http:\/\/abprodukt.hr\/index.php\/wp-json\/wp\/v2\/pages"}],"about":[{"href":"http:\/\/abprodukt.hr\/index.php\/wp-json\/wp\/v2\/types\/page"}],"author":[{"embeddable":true,"href":"http:\/\/abprodukt.hr\/index.php\/wp-json\/wp\/v2\/users\/1"}],"replies":[{"embeddable":true,"href":"http:\/\/abprodukt.hr\/index.php\/wp-json\/wp\/v2\/comments?post=23"}],"version-history":[{"count":19,"href":"http:\/\/abprodukt.hr\/index.php\/wp-json\/wp\/v2\/pages\/23\/revisions"}],"predecessor-version":[{"id":1104,"href":"http:\/\/abprodukt.hr\/index.php\/wp-json\/wp\/v2\/pages\/23\/revisions\/1104"}],"wp:attachment":[{"href":"http:\/\/abprodukt.hr\/index.php\/wp-json\/wp\/v2\/media?parent=23"}],"curies":[{"name":"wp","href":"https:\/\/api.w.org\/{rel}","templated":true}]}}